{"id":21,"date":"2025-02-28T09:51:18","date_gmt":"2025-02-28T08:51:18","guid":{"rendered":"https:\/\/www.pulsasons.com\/?page_id=21"},"modified":"2026-01-21T10:36:26","modified_gmt":"2026-01-21T09:36:26","slug":"qui-soc","status":"publish","type":"page","link":"https:\/\/www.pulsasons.com\/es\/qui-soc\/","title":{"rendered":"Quien soy"},"content":{"rendered":"<div data-elementor-type=\"wp-page\" data-elementor-id=\"21\" class=\"elementor elementor-21\" data-elementor-post-type=\"page\">\n\t\t\t\t<div class=\"elementor-element elementor-element-77e03e5 e-con-full e-flex e-con e-parent\" data-id=\"77e03e5\" data-element_type=\"container\">\n\t\t<div class=\"elementor-element elementor-element-92ebe3f e-con-full e-flex e-con e-child\" data-id=\"92ebe3f\" data-element_type=\"container\" data-settings=\"{&quot;background_background&quot;:&quot;slideshow&quot;,&quot;background_slideshow_gallery&quot;:[{&quot;id&quot;:177,&quot;url&quot;:&quot;https:\\\/\\\/www.pulsasons.com\\\/wp-content\\\/uploads\\\/2025\\\/02\\\/1-2.jpg&quot;},{&quot;id&quot;:178,&quot;url&quot;:&quot;https:\\\/\\\/www.pulsasons.com\\\/wp-content\\\/uploads\\\/2025\\\/02\\\/2-2.jpg&quot;}],&quot;background_slideshow_slide_duration&quot;:3000,&quot;background_slideshow_ken_burns&quot;:&quot;yes&quot;,&quot;background_slideshow_loop&quot;:&quot;yes&quot;,&quot;background_slideshow_slide_transition&quot;:&quot;fade&quot;,&quot;background_slideshow_transition_duration&quot;:500,&quot;background_slideshow_ken_burns_zoom_direction&quot;:&quot;in&quot;}\">\n\t\t\t\t<\/div>\n\t\t<div class=\"elementor-element elementor-element-9b18dde e-con-full e-flex e-con e-child\" data-id=\"9b18dde\" data-element_type=\"container\">\n\t\t\t\t<div class=\"elementor-element elementor-element-06a2824 elementor-widget elementor-widget-heading\" data-id=\"06a2824\" data-element_type=\"widget\" data-widget_type=\"heading.default\">\n\t\t\t\t<div class=\"elementor-widget-container\">\n\t\t\t\t\t<h2 class=\"elementor-heading-title elementor-size-default\">Quien soy<\/h2>\t\t\t\t<\/div>\n\t\t\t\t<\/div>\n\t\t\t\t<div class=\"elementor-element elementor-element-ce2721e elementor-align-start elementor-icon-list--layout-traditional elementor-list-item-link-full_width elementor-widget elementor-widget-icon-list\" data-id=\"ce2721e\" data-element_type=\"widget\" data-widget_type=\"icon-list.default\">\n\t\t\t\t<div class=\"elementor-widget-container\">\n\t\t\t\t\t\t\t<ul class=\"elementor-icon-list-items\">\n\t\t\t\t\t\t\t<li class=\"elementor-icon-list-item\">\n\t\t\t\t\t\t\t\t\t\t\t<span class=\"elementor-icon-list-icon\">\n\t\t\t\t\t\t\t<svg aria-hidden=\"true\" class=\"e-font-icon-svg e-fas-music\" viewbox=\"0 0 512 512\" xmlns=\"http:\/\/www.w3.org\/2000\/svg\"><path d=\"M470.38 1.51L150.41 96A32 32 0 0 0 128 126.51v261.41A139 139 0 0 0 96 384c-53 0-96 28.66-96 64s43 64 96 64 96-28.66 96-64V214.32l256-75v184.61a138.4 138.4 0 0 0-32-3.93c-53 0-96 28.66-96 64s43 64 96 64 96-28.65 96-64V32a32 32 0 0 0-41.62-30.49z\"><\/path><\/svg>\t\t\t\t\t\t<\/span>\n\t\t\t\t\t\t\t\t\t\t<span class=\"elementor-icon-list-text\">Xavier Mart\u00ednez Fern\u00e1ndez<\/span>\n\t\t\t\t\t\t\t\t\t<\/li>\n\t\t\t\t\t\t<\/ul>\n\t\t\t\t\t\t<\/div>\n\t\t\t\t<\/div>\n\t\t\t\t<div class=\"elementor-element elementor-element-b0f83a1 elementor-widget elementor-widget-text-editor\" data-id=\"b0f83a1\" data-element_type=\"widget\" data-widget_type=\"text-editor.default\">\n\t\t\t\t<div class=\"elementor-widget-container\">\n\t\t\t\t\t\t\t\t\t<p><i><span style=\"font-weight: 400;\">Percusionista y musicoterapeuta<\/span><\/i><i><span style=\"font-weight: 400;\"><br \/><\/span><\/i><span style=\"font-weight: 400;\"> Impulsor de <\/span><b>PulsaSons<\/b><span style=\"font-weight: 400;\"> | MTAE-78 (RENTA)<\/span><\/p>\t\t\t\t\t\t\t\t<\/div>\n\t\t\t\t<\/div>\n\t\t\t\t<div class=\"elementor-element elementor-element-795b1c3 elementor-widget elementor-widget-text-editor\" data-id=\"795b1c3\" data-element_type=\"widget\" data-widget_type=\"text-editor.default\">\n\t\t\t\t<div class=\"elementor-widget-container\">\n\t\t\t\t\t\t\t\t\t<p><span style=\"font-weight: 400;\">Desde peque\u00f1o he entendido la m\u00fasica como una forma de comunicarme con el mundo. Pianista de formaci\u00f3n inicial, descubr\u00ed en la bater\u00eda y la percusi\u00f3n un espacio de expresi\u00f3n y conexi\u00f3n colectiva. Mi trayectoria me ha llevado de Barcelona a Cuba, explorando ritmos, lenguajes y formas de escucha compartida.<\/span><\/p><p><span style=\"font-weight: 400;\">Un voluntariado con personas con diversidad funcional transform\u00f3 mi mirada: la m\u00fasica pod\u00eda ser mucho m\u00e1s que arte. Fue entonces cuando inici\u00e9 el <\/span><i><span style=\"font-weight: 400;\">M\u00e1ster en Musicoterapia (UB)<\/span><\/i><span style=\"font-weight: 400;\">, form\u00e1ndome tambi\u00e9n en <\/span><i><span style=\"font-weight: 400;\">BAPNE, Drum Circles (Arthur Hull - VMC)<\/span><\/i><span style=\"font-weight: 400;\"> i <\/span><i><span style=\"font-weight: 400;\">Rhythm2Recovery<\/span><\/i><span style=\"font-weight: 400;\">.<\/span><\/p><p><span style=\"font-weight: 400;\">Entiendo la m\u00fasica como una herramienta para <\/span><b>generar presencia, expresar emociones y reforzar v\u00ednculos<\/b><span style=\"font-weight: 400;\">. En mis proyectos busco crear espacios en los que las personas se sientan libres para experimentar, participar y transformarse a trav\u00e9s del sonido y el movimiento.<\/span><\/p><p><span style=\"font-weight: 400;\">Cada taller es una experiencia viva donde <\/span><b>el ritmo se convierte en lenguaje com\u00fan<\/b><span style=\"font-weight: 400;\">. Mi trabajo consiste en facilitar que cada grupo encuentre su propio pulso, descubriendo c\u00f3mo la m\u00fasica puede mejorar el bienestar y la conexi\u00f3n humana.<\/span><\/p><p><span style=\"font-weight: 400;\">Combino el enfoque <\/span><b>musicoterap\u00e9utico<\/b><span style=\"font-weight: 400;\"> con <\/span><b>t\u00e9cnicas de percusi\u00f3n corporal y c\u00edrculos de percusi\u00f3n<\/b><span style=\"font-weight: 400;\">, a\u00f1adiendo <\/span><b>din\u00e1micas vivenciales y creativas<\/b><span style=\"font-weight: 400;\">. Esta fusi\u00f3n permite trabajar desde el cuerpo, emoci\u00f3n y relaci\u00f3n, adaptando cada sesi\u00f3n a las necesidades del grupo.<\/span><\/p><p><span style=\"font-weight: 400;\">Colaboro con <\/span><b>Apropa Cultura, Taller de M\u00fasics, el Parc Sanitari Sant Joan de D\u00e9u<\/b><span style=\"font-weight: 400;\">, y programas como <\/span><b>Bcn t\u2019Acull<\/b><span style=\"font-weight: 400;\"> o <\/span><b>CulturaMENT<\/b><span style=\"font-weight: 400;\">, compartiendo experiencias y metodolog\u00edas en espacios de formaci\u00f3n y congresos profesionales.<\/span><\/p>\t\t\t\t\t\t\t\t<\/div>\n\t\t\t\t<\/div>\n\t\t\t\t<\/div>\n\t\t\t\t<\/div>\n\t\t\t\t<\/div>","protected":false},"excerpt":{"rendered":"<p>Quien soy Xavier Mart\u00ednez Fern\u00e1ndez Percusionista y musicoterapeuta Impulsor de PulsaSons | MTAE-78 (REMTA) Desde peque\u00f1o he entendido la m\u00fasica como una forma de comunicarme con el mundo. Pianista de formaci\u00f3n inicial, descubr\u00ed en la bater\u00eda y la percusi\u00f3n un espacio de expresi\u00f3n y conexi\u00f3n colectiva. Mi trayectoria me ha llevado de Barcelona a [\u2026]<\/p>","protected":false},"author":1,"featured_media":177,"parent":0,"menu_order":0,"comment_status":"closed","ping_status":"closed","template":"","meta":{"footnotes":""},"class_list":["post-21","page","type-page","status-publish","has-post-thumbnail","hentry"],"_links":{"self":[{"href":"https:\/\/www.pulsasons.com\/es\/wp-json\/wp\/v2\/pages\/21","targetHints":{"allow":["GET"]}}],"collection":[{"href":"https:\/\/www.pulsasons.com\/es\/wp-json\/wp\/v2\/pages"}],"about":[{"href":"https:\/\/www.pulsasons.com\/es\/wp-json\/wp\/v2\/types\/page"}],"author":[{"embeddable":true,"href":"https:\/\/www.pulsasons.com\/es\/wp-json\/wp\/v2\/users\/1"}],"replies":[{"embeddable":true,"href":"https:\/\/www.pulsasons.com\/es\/wp-json\/wp\/v2\/comments?post=21"}],"version-history":[{"count":23,"href":"https:\/\/www.pulsasons.com\/es\/wp-json\/wp\/v2\/pages\/21\/revisions"}],"predecessor-version":[{"id":937,"href":"https:\/\/www.pulsasons.com\/es\/wp-json\/wp\/v2\/pages\/21\/revisions\/937"}],"wp:featuredmedia":[{"embeddable":true,"href":"https:\/\/www.pulsasons.com\/es\/wp-json\/wp\/v2\/media\/177"}],"wp:attachment":[{"href":"https:\/\/www.pulsasons.com\/es\/wp-json\/wp\/v2\/media?parent=21"}],"curies":[{"name":"wp","href":"https:\/\/api.w.org\/{rel}","templated":true}]}}